{"id":947,"date":"2018-07-27T15:01:47","date_gmt":"2018-07-27T15:01:47","guid":{"rendered":"https:\/\/mairenadelalcor.net\/colegios\/sanbartolome\/?page_id=947"},"modified":"2021-03-03T12:38:27","modified_gmt":"2021-03-03T12:38:27","slug":"noticias-de-interes","status":"publish","type":"page","link":"https:\/\/mairenadelalcor.net\/colegios\/sanbartolome\/noticias-de-interes\/","title":{"rendered":"NOTICIAS DE INTER\u00c9S"},"content":{"rendered":"<p><strong>NUESTRO COLEGIO, CAMPE\u00d3N EN LAS XVI OLIMPIADAS MATEM\u00c1TICAS.<\/strong><\/p>\n<p>El pasado 17 de mayo se celebr\u00f3 en el IES Los Alcores de nuestra localidad, el XVI concurso matem\u00e1tico. En \u00e9l participaron una selecci\u00f3n de los alumnos de 6\u00ba de los diferentes colegios de nuestra localidad. Nuestra clase fue la ganadora en el apartado de grupos.<br \/>\n\u00a1Unos verdaderos campeones!<br \/>\nFelicidades \u00a1Sois los mejores!<\/p>\n<p><img loading=\"lazy\" decoding=\"async\" class=\"alignnone size-full wp-image-968\" src=\"https:\/\/mairenadelalcor.net\/colegios\/sanbartolome\/wp-content\/uploads\/2018\/07\/15327082510384549799934334407912.jpg\" alt=\"\" width=\"280\" height=\"210\" \/><\/p>\n<p><img loading=\"lazy\" decoding=\"async\" class=\"alignnone size-medium wp-image-969\" src=\"https:\/\/mairenadelalcor.net\/colegios\/sanbartolome\/wp-content\/uploads\/2018\/07\/Copia-de-20180606_102828-300x225.jpg\" alt=\"\" width=\"300\" height=\"225\" srcset=\"https:\/\/mairenadelalcor.net\/colegios\/sanbartolome\/wp-content\/uploads\/2018\/07\/Copia-de-20180606_102828-300x225.jpg 300w, https:\/\/mairenadelalcor.net\/colegios\/sanbartolome\/wp-content\/uploads\/2018\/07\/Copia-de-20180606_102828-768x576.jpg 768w, https:\/\/mairenadelalcor.net\/colegios\/sanbartolome\/wp-content\/uploads\/2018\/07\/Copia-de-20180606_102828-1024x768.jpg 1024w\" sizes=\"auto, (max-width: 300px) 100vw, 300px\" \/><\/p>\n","protected":false},"excerpt":{"rendered":"<p>NUESTRO COLEGIO, CAMPE\u00d3N EN LAS XVI OLIMPIADAS MATEM\u00c1TICAS. El pasado 17 de mayo se celebr\u00f3 en el IES Los Alcores de nuestra localidad, el XVI concurso matem\u00e1tico. En \u00e9l participaron &hellip; <\/p>\n<p class=\"link-more\"><a href=\"https:\/\/mairenadelalcor.net\/colegios\/sanbartolome\/noticias-de-interes\/\" class=\"more-link\">Continuar leyendo<span class=\"screen-reader-text\"> \u00abNOTICIAS DE INTER\u00c9S\u00bb<\/span><\/a><\/p>\n","protected":false},"author":3,"featured_media":0,"parent":0,"menu_order":0,"comment_status":"closed","ping_status":"closed","template":"","meta":{"footnotes":""},"class_list":["post-947","page","type-page","status-publish","hentry"],"_links":{"self":[{"href":"https:\/\/mairenadelalcor.net\/colegios\/sanbartolome\/wp-json\/wp\/v2\/pages\/947","targetHints":{"allow":["GET"]}}],"collection":[{"href":"https:\/\/mairenadelalcor.net\/colegios\/sanbartolome\/wp-json\/wp\/v2\/pages"}],"about":[{"href":"https:\/\/mairenadelalcor.net\/colegios\/sanbartolome\/wp-json\/wp\/v2\/types\/page"}],"author":[{"embeddable":true,"href":"https:\/\/mairenadelalcor.net\/colegios\/sanbartolome\/wp-json\/wp\/v2\/users\/3"}],"replies":[{"embeddable":true,"href":"https:\/\/mairenadelalcor.net\/colegios\/sanbartolome\/wp-json\/wp\/v2\/comments?post=947"}],"version-history":[{"count":5,"href":"https:\/\/mairenadelalcor.net\/colegios\/sanbartolome\/wp-json\/wp\/v2\/pages\/947\/revisions"}],"predecessor-version":[{"id":5865,"href":"https:\/\/mairenadelalcor.net\/colegios\/sanbartolome\/wp-json\/wp\/v2\/pages\/947\/revisions\/5865"}],"wp:attachment":[{"href":"https:\/\/mairenadelalcor.net\/colegios\/sanbartolome\/wp-json\/wp\/v2\/media?parent=947"}],"curies":[{"name":"wp","href":"https:\/\/api.w.org\/{rel}","templated":true}]}}