{"id":7147,"date":"2021-05-17T07:36:13","date_gmt":"2021-05-17T07:36:13","guid":{"rendered":"https:\/\/mairenadelalcor.net\/colegios\/sanbartolome\/?page_id=7147"},"modified":"2025-09-03T07:26:09","modified_gmt":"2025-09-03T07:26:09","slug":"comedor","status":"publish","type":"page","link":"https:\/\/mairenadelalcor.net\/colegios\/sanbartolome\/comedor\/","title":{"rendered":"COMEDOR"},"content":{"rendered":"\n<p><a href=\"https:\/\/mairenadelalcor.net\/colegios\/sanbartolome\/wp-content\/uploads\/2025\/09\/SEVILLA-TRES-SUR-Circular-a-los-Padres-Ano-2025-2026.pdf\">Informaci\u00f3n del funcionamiento del Servicio de Comedor Curso 2025\/2026 (haga clic aqu\u00ed)<\/a><\/p>\n\n\n\n<p><a href=\"https:\/\/mairenadelalcor.net\/colegios\/sanbartolome\/wp-content\/uploads\/2021\/12\/Ficha-individual-alergias-y-datos-1.pdf\">Modelo ficha del alumno\/a<\/a><\/p>\n\n\n\n<p><strong><strong>El comedor escolar<\/strong> tiene un horario de 14\u201900h a 16\u201900h. <\/strong><\/p>\n\n\n\n<p>Para la recogida del alumnado, la puerta se abrir\u00e1 en dos momentos: a las 15:00h y a las 15:45h<\/p>\n\n\n\n<p><\/p>\n\n\n\n<p><\/p>\n\n\n\n<p><\/p>\n\n\n\n<p><a href=\"https:\/\/mairenadelalcor.net\/colegios\/sanbartolome\/wp-content\/uploads\/2024\/09\/Infografias-frutas-temporada.pdf\">Infograf\u00edas sobre Nutrici\u00f3n: H\u00e1bitos saludables &#8211; Frutas de temporada &#8211; Al\u00e9rgenos &#8211; M\u00e9todos de elaboraci\u00f3n &#8211; Propuesta para recreos<\/a> [.pdf]<\/p>\n\n\n\n<p><\/p>\n","protected":false},"excerpt":{"rendered":"<p>Informaci\u00f3n del funcionamiento del Servicio de Comedor Curso 2025\/2026 (haga clic aqu\u00ed) Modelo ficha del alumno\/a El comedor escolar tiene un horario de 14\u201900h a 16\u201900h. Para la recogida del &hellip; <\/p>\n<p class=\"link-more\"><a href=\"https:\/\/mairenadelalcor.net\/colegios\/sanbartolome\/comedor\/\" class=\"more-link\">Continuar leyendo<span class=\"screen-reader-text\"> \u00abCOMEDOR\u00bb<\/span><\/a><\/p>\n","protected":false},"author":3,"featured_media":0,"parent":0,"menu_order":0,"comment_status":"closed","ping_status":"closed","template":"","meta":{"footnotes":""},"class_list":["post-7147","page","type-page","status-publish","hentry"],"_links":{"self":[{"href":"https:\/\/mairenadelalcor.net\/colegios\/sanbartolome\/wp-json\/wp\/v2\/pages\/7147","targetHints":{"allow":["GET"]}}],"collection":[{"href":"https:\/\/mairenadelalcor.net\/colegios\/sanbartolome\/wp-json\/wp\/v2\/pages"}],"about":[{"href":"https:\/\/mairenadelalcor.net\/colegios\/sanbartolome\/wp-json\/wp\/v2\/types\/page"}],"author":[{"embeddable":true,"href":"https:\/\/mairenadelalcor.net\/colegios\/sanbartolome\/wp-json\/wp\/v2\/users\/3"}],"replies":[{"embeddable":true,"href":"https:\/\/mairenadelalcor.net\/colegios\/sanbartolome\/wp-json\/wp\/v2\/comments?post=7147"}],"version-history":[{"count":29,"href":"https:\/\/mairenadelalcor.net\/colegios\/sanbartolome\/wp-json\/wp\/v2\/pages\/7147\/revisions"}],"predecessor-version":[{"id":11029,"href":"https:\/\/mairenadelalcor.net\/colegios\/sanbartolome\/wp-json\/wp\/v2\/pages\/7147\/revisions\/11029"}],"wp:attachment":[{"href":"https:\/\/mairenadelalcor.net\/colegios\/sanbartolome\/wp-json\/wp\/v2\/media?parent=7147"}],"curies":[{"name":"wp","href":"https:\/\/api.w.org\/{rel}","templated":true}]}}