{"id":4462,"date":"2020-11-20T08:28:15","date_gmt":"2020-11-20T08:28:15","guid":{"rendered":"https:\/\/mairenadelalcor.net\/colegios\/sanbartolome\/?page_id=4462"},"modified":"2025-11-24T11:57:18","modified_gmt":"2025-11-24T11:57:18","slug":"5-anos-2","status":"publish","type":"page","link":"https:\/\/mairenadelalcor.net\/colegios\/sanbartolome\/5-anos-2\/","title":{"rendered":"5 A\u00d1OS"},"content":{"rendered":"<p>5 A\u00d1OS<\/p>\n<p><a href=\"https:\/\/mairenadelalcor.net\/colegios\/sanbartolome\/wp-content\/uploads\/2025\/11\/PROGRAMACION-5-ANOS_-COMUNICACION-Y-REPRESENTACION-DE-LA-REALIDAD_.pdf\">COMUNICACI\u00d3N Y REPRESENTACI\u00d3N DE LA REALIDAD.<\/a><\/p>\n<p><a href=\"https:\/\/mairenadelalcor.net\/colegios\/sanbartolome\/wp-content\/uploads\/2025\/11\/PROGRAMACION-5-ANOS_-CRECIMIENTO-EN-ARMONIA_.pdf\">CRECIMIENTO EN ARMON\u00cdA<\/a><\/p>\n<p><a href=\"https:\/\/mairenadelalcor.net\/colegios\/sanbartolome\/wp-content\/uploads\/2025\/11\/PROGRAMACION-5-ANOS_-DESCUBRIMIENTO-Y-EXPLORACION-DEL-ENTORNO_.pdf\">DESCUBRIMIENTO Y EXPLORACI\u00d3N DEL ENTORNO<\/a><\/p>\n<p><a href=\"https:\/\/mairenadelalcor.net\/colegios\/sanbartolome\/wp-content\/uploads\/2025\/11\/PROGRAM.-DID.-INF-5.pdf\">RELIGI\u00d3N<\/a><\/p>\n\n\n<p><\/p>\n","protected":false},"excerpt":{"rendered":"<p>5 A\u00d1OS COMUNICACI\u00d3N Y REPRESENTACI\u00d3N DE LA REALIDAD. CRECIMIENTO EN ARMON\u00cdA DESCUBRIMIENTO Y EXPLORACI\u00d3N DEL ENTORNO RELIGI\u00d3N<\/p>\n","protected":false},"author":3,"featured_media":0,"parent":0,"menu_order":0,"comment_status":"closed","ping_status":"closed","template":"","meta":{"footnotes":""},"class_list":["post-4462","page","type-page","status-publish","hentry"],"_links":{"self":[{"href":"https:\/\/mairenadelalcor.net\/colegios\/sanbartolome\/wp-json\/wp\/v2\/pages\/4462","targetHints":{"allow":["GET"]}}],"collection":[{"href":"https:\/\/mairenadelalcor.net\/colegios\/sanbartolome\/wp-json\/wp\/v2\/pages"}],"about":[{"href":"https:\/\/mairenadelalcor.net\/colegios\/sanbartolome\/wp-json\/wp\/v2\/types\/page"}],"author":[{"embeddable":true,"href":"https:\/\/mairenadelalcor.net\/colegios\/sanbartolome\/wp-json\/wp\/v2\/users\/3"}],"replies":[{"embeddable":true,"href":"https:\/\/mairenadelalcor.net\/colegios\/sanbartolome\/wp-json\/wp\/v2\/comments?post=4462"}],"version-history":[{"count":15,"href":"https:\/\/mairenadelalcor.net\/colegios\/sanbartolome\/wp-json\/wp\/v2\/pages\/4462\/revisions"}],"predecessor-version":[{"id":11209,"href":"https:\/\/mairenadelalcor.net\/colegios\/sanbartolome\/wp-json\/wp\/v2\/pages\/4462\/revisions\/11209"}],"wp:attachment":[{"href":"https:\/\/mairenadelalcor.net\/colegios\/sanbartolome\/wp-json\/wp\/v2\/media?parent=4462"}],"curies":[{"name":"wp","href":"https:\/\/api.w.org\/{rel}","templated":true}]}}