{"id":4460,"date":"2020-11-20T08:28:06","date_gmt":"2020-11-20T08:28:06","guid":{"rendered":"https:\/\/mairenadelalcor.net\/colegios\/sanbartolome\/?page_id=4460"},"modified":"2025-11-20T09:41:49","modified_gmt":"2025-11-20T09:41:49","slug":"4-anos-2","status":"publish","type":"page","link":"https:\/\/mairenadelalcor.net\/colegios\/sanbartolome\/4-anos-2\/","title":{"rendered":"4 A\u00d1OS"},"content":{"rendered":"<p>4 A\u00d1OS<\/p>\n<p><a href=\"https:\/\/mairenadelalcor.net\/colegios\/sanbartolome\/wp-content\/uploads\/2025\/11\/PROGRAMACION-DESCUBRIMIENTO-DEL-ENTORNO.pdf\">Descubrimiento y exploraci\u00f3n del entorno.<\/a><\/p>\n<p><a href=\"https:\/\/mairenadelalcor.net\/colegios\/sanbartolome\/wp-content\/uploads\/2025\/11\/PROGRAMACION-COMUNICACION-Y-REPRESENTACION-DE-LA-REALIDAD.pdf\">Comunicaci\u00f3n y representaci\u00f3n de la realidad<\/a><\/p>\n<p><a href=\"https:\/\/mairenadelalcor.net\/colegios\/sanbartolome\/wp-content\/uploads\/2025\/11\/PROGRAMACION-CRECIMIENTO-EN-ARMONIA.pdf\">Crecimiento en armon\u00eda.<\/a><\/p>\n<p><a href=\"https:\/\/mairenadelalcor.net\/colegios\/sanbartolome\/wp-content\/uploads\/2025\/11\/PROGRAM.-DID.-INF-4.pdf\">Religi\u00f3n<\/a><\/p>\n\n\n<p><\/p>\n","protected":false},"excerpt":{"rendered":"<p>4 A\u00d1OS Descubrimiento y exploraci\u00f3n del entorno. Comunicaci\u00f3n y representaci\u00f3n de la realidad Crecimiento en armon\u00eda. Religi\u00f3n<\/p>\n","protected":false},"author":3,"featured_media":0,"parent":0,"menu_order":0,"comment_status":"closed","ping_status":"closed","template":"","meta":{"footnotes":""},"class_list":["post-4460","page","type-page","status-publish","hentry"],"_links":{"self":[{"href":"https:\/\/mairenadelalcor.net\/colegios\/sanbartolome\/wp-json\/wp\/v2\/pages\/4460","targetHints":{"allow":["GET"]}}],"collection":[{"href":"https:\/\/mairenadelalcor.net\/colegios\/sanbartolome\/wp-json\/wp\/v2\/pages"}],"about":[{"href":"https:\/\/mairenadelalcor.net\/colegios\/sanbartolome\/wp-json\/wp\/v2\/types\/page"}],"author":[{"embeddable":true,"href":"https:\/\/mairenadelalcor.net\/colegios\/sanbartolome\/wp-json\/wp\/v2\/users\/3"}],"replies":[{"embeddable":true,"href":"https:\/\/mairenadelalcor.net\/colegios\/sanbartolome\/wp-json\/wp\/v2\/comments?post=4460"}],"version-history":[{"count":15,"href":"https:\/\/mairenadelalcor.net\/colegios\/sanbartolome\/wp-json\/wp\/v2\/pages\/4460\/revisions"}],"predecessor-version":[{"id":11197,"href":"https:\/\/mairenadelalcor.net\/colegios\/sanbartolome\/wp-json\/wp\/v2\/pages\/4460\/revisions\/11197"}],"wp:attachment":[{"href":"https:\/\/mairenadelalcor.net\/colegios\/sanbartolome\/wp-json\/wp\/v2\/media?parent=4460"}],"curies":[{"name":"wp","href":"https:\/\/api.w.org\/{rel}","templated":true}]}}