{"id":4417,"date":"2020-11-19T10:54:08","date_gmt":"2020-11-19T10:54:08","guid":{"rendered":"https:\/\/mairenadelalcor.net\/colegios\/sanbartolome\/?page_id=4417"},"modified":"2025-11-20T09:36:20","modified_gmt":"2025-11-20T09:36:20","slug":"6o","status":"publish","type":"page","link":"https:\/\/mairenadelalcor.net\/colegios\/sanbartolome\/6o\/","title":{"rendered":"6\u00ba"},"content":{"rendered":"<p><a href=\"https:\/\/mairenadelalcor.net\/colegios\/sanbartolome\/wp-content\/uploads\/2025\/11\/Prog.-didactica-LENGUA-6o.pdf\">LENGUA<\/a><\/p>\n<p><a href=\"https:\/\/mairenadelalcor.net\/colegios\/sanbartolome\/wp-content\/uploads\/2025\/11\/PROGR-MATES-6o-25-26.pdf\">MATEM\u00c1TICAS<\/a><\/p>\n<p><a href=\"https:\/\/mairenadelalcor.net\/colegios\/sanbartolome\/wp-content\/uploads\/2025\/11\/Porg.-didactica-CM-6o.pdf\">CONOCIMIENTO DEL MEDIO<\/a><\/p>\n<p><a href=\"https:\/\/mairenadelalcor.net\/colegios\/sanbartolome\/wp-content\/uploads\/2025\/11\/Prog.-didactica-INGLES-6o.pdf\">INGL\u00c9S<\/a><\/p>\n<p><a href=\"https:\/\/mairenadelalcor.net\/colegios\/sanbartolome\/wp-content\/uploads\/2025\/11\/PROGRAMACION-DIDACTICA-FRANCES-6o-CURSO-25-26.pdf\">FRANC\u00c9S<\/a><\/p>\n<p><a href=\"https:\/\/mairenadelalcor.net\/colegios\/sanbartolome\/wp-content\/uploads\/2025\/11\/Artistica-6o-25-26.pdf\">ART\u00cdSTICA<\/a><\/p>\n<p><a href=\"https:\/\/mairenadelalcor.net\/colegios\/sanbartolome\/wp-content\/uploads\/2024\/11\/programacion-6o-EF-2425.pdf\">EDUCACI\u00d3N F\u00cdSICA<\/a><\/p>\n<p><a href=\"https:\/\/mairenadelalcor.net\/colegios\/sanbartolome\/wp-content\/uploads\/2024\/11\/PROG-AT.-EDUCATIVA-6o-CURSO-24-25.pdf\">ATENCI\u00d3N EDUCATIVA<\/a><\/p>\n<p><a href=\"https:\/\/mairenadelalcor.net\/colegios\/sanbartolome\/wp-content\/uploads\/2025\/11\/Prog.-didactica-VALORES-6o.pdf\">VALORES C\u00cdVICOS Y \u00c9TICOS<\/a><\/p>\n<p><a href=\"https:\/\/mairenadelalcor.net\/colegios\/sanbartolome\/wp-content\/uploads\/2025\/11\/PROGRAM.-DID.-6o.pdf\">RELIGI\u00d3N<\/a><\/p>\n<p><a href=\"https:\/\/mairenadelalcor.net\/colegios\/sanbartolome\/wp-content\/uploads\/2025\/11\/Programacion-Pensamiento-Computacional-y-Robotica-Educativa-Curso-25-26.pdf\">PENSAMIENTO COMPUTACIONAL Y ROB\u00d3TICA<\/a><\/p>\n","protected":false},"excerpt":{"rendered":"<p>LENGUA MATEM\u00c1TICAS CONOCIMIENTO DEL MEDIO INGL\u00c9S FRANC\u00c9S ART\u00cdSTICA EDUCACI\u00d3N F\u00cdSICA ATENCI\u00d3N EDUCATIVA VALORES C\u00cdVICOS Y \u00c9TICOS RELIGI\u00d3N PENSAMIENTO COMPUTACIONAL Y ROB\u00d3TICA<\/p>\n","protected":false},"author":3,"featured_media":0,"parent":0,"menu_order":0,"comment_status":"closed","ping_status":"closed","template":"","meta":{"footnotes":""},"class_list":["post-4417","page","type-page","status-publish","hentry"],"_links":{"self":[{"href":"https:\/\/mairenadelalcor.net\/colegios\/sanbartolome\/wp-json\/wp\/v2\/pages\/4417","targetHints":{"allow":["GET"]}}],"collection":[{"href":"https:\/\/mairenadelalcor.net\/colegios\/sanbartolome\/wp-json\/wp\/v2\/pages"}],"about":[{"href":"https:\/\/mairenadelalcor.net\/colegios\/sanbartolome\/wp-json\/wp\/v2\/types\/page"}],"author":[{"embeddable":true,"href":"https:\/\/mairenadelalcor.net\/colegios\/sanbartolome\/wp-json\/wp\/v2\/users\/3"}],"replies":[{"embeddable":true,"href":"https:\/\/mairenadelalcor.net\/colegios\/sanbartolome\/wp-json\/wp\/v2\/comments?post=4417"}],"version-history":[{"count":42,"href":"https:\/\/mairenadelalcor.net\/colegios\/sanbartolome\/wp-json\/wp\/v2\/pages\/4417\/revisions"}],"predecessor-version":[{"id":11186,"href":"https:\/\/mairenadelalcor.net\/colegios\/sanbartolome\/wp-json\/wp\/v2\/pages\/4417\/revisions\/11186"}],"wp:attachment":[{"href":"https:\/\/mairenadelalcor.net\/colegios\/sanbartolome\/wp-json\/wp\/v2\/media?parent=4417"}],"curies":[{"name":"wp","href":"https:\/\/api.w.org\/{rel}","templated":true}]}}