{"id":4413,"date":"2020-11-19T10:53:50","date_gmt":"2020-11-19T10:53:50","guid":{"rendered":"https:\/\/mairenadelalcor.net\/colegios\/sanbartolome\/?page_id=4413"},"modified":"2025-11-20T09:15:38","modified_gmt":"2025-11-20T09:15:38","slug":"4o","status":"publish","type":"page","link":"https:\/\/mairenadelalcor.net\/colegios\/sanbartolome\/4o\/","title":{"rendered":"4\u00ba"},"content":{"rendered":"<p><a href=\"https:\/\/mairenadelalcor.net\/colegios\/sanbartolome\/wp-content\/uploads\/2025\/11\/programacion-anual-4o-lengua-25-26.pdf\">LENGUA<\/a><\/p>\n<p><a href=\"https:\/\/mairenadelalcor.net\/colegios\/sanbartolome\/wp-content\/uploads\/2025\/11\/programacion-anual-4o-matematicas-25-26.pdf\">MATES<\/a><\/p>\n<p><a href=\"https:\/\/mairenadelalcor.net\/colegios\/sanbartolome\/wp-content\/uploads\/2025\/11\/Prog.-didactica-INGLES-4o.pdf\">INGL\u00c9S<\/a><\/p>\n<p><a href=\"https:\/\/mairenadelalcor.net\/colegios\/sanbartolome\/wp-content\/uploads\/2025\/11\/programacion-anual-4o-CM-25-26.pdf\">CONOCIMIENTO DEL MEDIO<\/a><\/p>\n<p><a href=\"https:\/\/mairenadelalcor.net\/colegios\/sanbartolome\/wp-content\/uploads\/2025\/11\/Cuarto.EF_.pdf\">EDUCACI\u00d3N F\u00cdSICA<\/a><\/p>\n<p><a href=\"https:\/\/mairenadelalcor.net\/colegios\/sanbartolome\/wp-content\/uploads\/2025\/11\/Artistica-4o-25-26.pdf\">ART\u00cdSTICA<\/a><\/p>\n<p><a href=\"https:\/\/mairenadelalcor.net\/colegios\/sanbartolome\/wp-content\/uploads\/2025\/11\/PD-AT.-EDUCATIVA-4o-curso-25-26.pdf\">ATENCI\u00d3N EDUCATIVA<\/a><\/p>\n<p><a href=\"https:\/\/mairenadelalcor.net\/colegios\/sanbartolome\/wp-content\/uploads\/2025\/11\/PROGRAM.-DID.-4o.pdf\">RELIGI\u00d3N<\/a><\/p>\n<p><a href=\"https:\/\/mairenadelalcor.net\/colegios\/sanbartolome\/wp-content\/uploads\/2025\/11\/Programacion-Pensamiento-Computacional-y-Robotica-Educativa-Curso-25-26.pdf\">PENSAMIENTO COMPUTACIONAL Y ROB\u00d3TICA<\/a><\/p>\n","protected":false},"excerpt":{"rendered":"<p>LENGUA MATES INGL\u00c9S CONOCIMIENTO DEL MEDIO EDUCACI\u00d3N F\u00cdSICA ART\u00cdSTICA ATENCI\u00d3N EDUCATIVA RELIGI\u00d3N PENSAMIENTO COMPUTACIONAL Y ROB\u00d3TICA<\/p>\n","protected":false},"author":3,"featured_media":0,"parent":0,"menu_order":0,"comment_status":"closed","ping_status":"closed","template":"","meta":{"footnotes":""},"class_list":["post-4413","page","type-page","status-publish","hentry"],"_links":{"self":[{"href":"https:\/\/mairenadelalcor.net\/colegios\/sanbartolome\/wp-json\/wp\/v2\/pages\/4413","targetHints":{"allow":["GET"]}}],"collection":[{"href":"https:\/\/mairenadelalcor.net\/colegios\/sanbartolome\/wp-json\/wp\/v2\/pages"}],"about":[{"href":"https:\/\/mairenadelalcor.net\/colegios\/sanbartolome\/wp-json\/wp\/v2\/types\/page"}],"author":[{"embeddable":true,"href":"https:\/\/mairenadelalcor.net\/colegios\/sanbartolome\/wp-json\/wp\/v2\/users\/3"}],"replies":[{"embeddable":true,"href":"https:\/\/mairenadelalcor.net\/colegios\/sanbartolome\/wp-json\/wp\/v2\/comments?post=4413"}],"version-history":[{"count":46,"href":"https:\/\/mairenadelalcor.net\/colegios\/sanbartolome\/wp-json\/wp\/v2\/pages\/4413\/revisions"}],"predecessor-version":[{"id":11143,"href":"https:\/\/mairenadelalcor.net\/colegios\/sanbartolome\/wp-json\/wp\/v2\/pages\/4413\/revisions\/11143"}],"wp:attachment":[{"href":"https:\/\/mairenadelalcor.net\/colegios\/sanbartolome\/wp-json\/wp\/v2\/media?parent=4413"}],"curies":[{"name":"wp","href":"https:\/\/api.w.org\/{rel}","templated":true}]}}