{"id":4411,"date":"2020-11-19T10:53:44","date_gmt":"2020-11-19T10:53:44","guid":{"rendered":"https:\/\/mairenadelalcor.net\/colegios\/sanbartolome\/?page_id=4411"},"modified":"2025-11-20T09:17:09","modified_gmt":"2025-11-20T09:17:09","slug":"3o","status":"publish","type":"page","link":"https:\/\/mairenadelalcor.net\/colegios\/sanbartolome\/3o\/","title":{"rendered":"3\u00ba"},"content":{"rendered":"<p><a href=\"https:\/\/mairenadelalcor.net\/colegios\/sanbartolome\/wp-content\/uploads\/2025\/11\/Programacion-de-Lengua-de-3o.-Curso-25-26.pdf\">LENGUA<\/a><\/p>\n<p><a href=\"https:\/\/mairenadelalcor.net\/colegios\/sanbartolome\/wp-content\/uploads\/2025\/11\/PROGR-MATES-3o-25-26.pdf\">MATEM\u00c1TICAS<\/a><\/p>\n<p><a href=\"https:\/\/mairenadelalcor.net\/colegios\/sanbartolome\/wp-content\/uploads\/2025\/11\/Prog.-didactica-INGLES-3o.pdf\">INGL\u00c9S<\/a><\/p>\n<p><a href=\"https:\/\/mairenadelalcor.net\/colegios\/sanbartolome\/wp-content\/uploads\/2025\/11\/PROG-CONO-3o-25-26.pdf\">CONOCIMIENTO DEL MEDIO<\/a><\/p>\n<p><a href=\"https:\/\/mairenadelalcor.net\/colegios\/sanbartolome\/wp-content\/uploads\/2025\/11\/Artistica-3o-25-26.pdf\">ART\u00cdSTICA<\/a><\/p>\n<p><a href=\"https:\/\/mairenadelalcor.net\/colegios\/sanbartolome\/wp-content\/uploads\/2025\/11\/Tercero.EF_.pdf\">EDUCACI\u00d3N F\u00cdSICA<\/a><\/p>\n<p><a href=\"https:\/\/mairenadelalcor.net\/colegios\/sanbartolome\/wp-content\/uploads\/2025\/11\/PROGRAMACION-AT.-EDUCATIVA-3o-25-26.pdf\">ATENCI\u00d3N EDUCATIVA<\/a><\/p>\n<p><a href=\"https:\/\/mairenadelalcor.net\/colegios\/sanbartolome\/wp-content\/uploads\/2025\/11\/Programacion-Pensamiento-Computacional-y-Robotica-Educativa-Curso-25-26.pdf\">ROB\u00d3TICA Y PENSAMIENTO COMPUTACIONAL<\/a><\/p>\n<p><a href=\"https:\/\/mairenadelalcor.net\/colegios\/sanbartolome\/wp-content\/uploads\/2025\/11\/PROGRAM.-DID.-3o.pdf\">RELIGI\u00d3N<\/a><\/p>\n","protected":false},"excerpt":{"rendered":"<p>LENGUA MATEM\u00c1TICAS INGL\u00c9S CONOCIMIENTO DEL MEDIO ART\u00cdSTICA EDUCACI\u00d3N F\u00cdSICA ATENCI\u00d3N EDUCATIVA ROB\u00d3TICA Y PENSAMIENTO COMPUTACIONAL RELIGI\u00d3N<\/p>\n","protected":false},"author":3,"featured_media":0,"parent":0,"menu_order":0,"comment_status":"closed","ping_status":"closed","template":"","meta":{"footnotes":""},"class_list":["post-4411","page","type-page","status-publish","hentry"],"_links":{"self":[{"href":"https:\/\/mairenadelalcor.net\/colegios\/sanbartolome\/wp-json\/wp\/v2\/pages\/4411","targetHints":{"allow":["GET"]}}],"collection":[{"href":"https:\/\/mairenadelalcor.net\/colegios\/sanbartolome\/wp-json\/wp\/v2\/pages"}],"about":[{"href":"https:\/\/mairenadelalcor.net\/colegios\/sanbartolome\/wp-json\/wp\/v2\/types\/page"}],"author":[{"embeddable":true,"href":"https:\/\/mairenadelalcor.net\/colegios\/sanbartolome\/wp-json\/wp\/v2\/users\/3"}],"replies":[{"embeddable":true,"href":"https:\/\/mairenadelalcor.net\/colegios\/sanbartolome\/wp-json\/wp\/v2\/comments?post=4411"}],"version-history":[{"count":49,"href":"https:\/\/mairenadelalcor.net\/colegios\/sanbartolome\/wp-json\/wp\/v2\/pages\/4411\/revisions"}],"predecessor-version":[{"id":11145,"href":"https:\/\/mairenadelalcor.net\/colegios\/sanbartolome\/wp-json\/wp\/v2\/pages\/4411\/revisions\/11145"}],"wp:attachment":[{"href":"https:\/\/mairenadelalcor.net\/colegios\/sanbartolome\/wp-json\/wp\/v2\/media?parent=4411"}],"curies":[{"name":"wp","href":"https:\/\/api.w.org\/{rel}","templated":true}]}}