{"id":4407,"date":"2020-11-19T10:52:38","date_gmt":"2020-11-19T10:52:38","guid":{"rendered":"https:\/\/mairenadelalcor.net\/colegios\/sanbartolome\/?page_id=4407"},"modified":"2025-11-20T09:19:25","modified_gmt":"2025-11-20T09:19:25","slug":"1o","status":"publish","type":"page","link":"https:\/\/mairenadelalcor.net\/colegios\/sanbartolome\/1o\/","title":{"rendered":"1\u00ba"},"content":{"rendered":"<p><a href=\"https:\/\/mairenadelalcor.net\/colegios\/sanbartolome\/wp-content\/uploads\/2025\/11\/PROGRAMACION-LENGUA-1o.pdf\">LENGUA<\/a><\/p>\n<p><a href=\"https:\/\/mairenadelalcor.net\/colegios\/sanbartolome\/wp-content\/uploads\/2025\/11\/PROGRAMACION-MATES-1o.pdf\">MATEM\u00c1TICAS<\/a><\/p>\n<p><a href=\"https:\/\/mairenadelalcor.net\/colegios\/sanbartolome\/wp-content\/uploads\/2025\/11\/Programaciones_didacticas-1o-primaria-ingles.pdf\">INGL\u00c9S<\/a><\/p>\n<p><a href=\"https:\/\/mairenadelalcor.net\/colegios\/sanbartolome\/wp-content\/uploads\/2025\/11\/PROGRAMACION-CONO-1o.pdf\">CONOCIMIENTO DEL MEDIO<\/a><\/p>\n<p><a href=\"https:\/\/mairenadelalcor.net\/colegios\/sanbartolome\/wp-content\/uploads\/2025\/11\/Primero.EF_.pdf\">EDUCACI\u00d3N F\u00cdSICA<\/a><\/p>\n<p><a href=\"https:\/\/mairenadelalcor.net\/colegios\/sanbartolome\/wp-content\/uploads\/2025\/11\/Artistica-1o-25-26.pdf\">ART\u00cdSTICA<\/a><\/p>\n<p><a href=\"https:\/\/mairenadelalcor.net\/colegios\/sanbartolome\/wp-content\/uploads\/2025\/11\/Programacion-Pensamiento-Computacional-y-Robotica-Educativa-Curso-25-26.pdf\">PENSAMIENTO COMPUTACIONAL Y ROB\u00d3TICA<\/a><\/p>\n<p><a href=\"https:\/\/mairenadelalcor.net\/colegios\/sanbartolome\/wp-content\/uploads\/2025\/11\/PROGRAM.-DID.-1o.pdf\">RELIGI\u00d3N<\/a><\/p>\n\n\n<p><\/p>\n","protected":false},"excerpt":{"rendered":"<p>LENGUA MATEM\u00c1TICAS INGL\u00c9S CONOCIMIENTO DEL MEDIO EDUCACI\u00d3N F\u00cdSICA ART\u00cdSTICA PENSAMIENTO COMPUTACIONAL Y ROB\u00d3TICA RELIGI\u00d3N<\/p>\n","protected":false},"author":3,"featured_media":0,"parent":0,"menu_order":0,"comment_status":"closed","ping_status":"closed","template":"","meta":{"footnotes":""},"class_list":["post-4407","page","type-page","status-publish","hentry"],"_links":{"self":[{"href":"https:\/\/mairenadelalcor.net\/colegios\/sanbartolome\/wp-json\/wp\/v2\/pages\/4407","targetHints":{"allow":["GET"]}}],"collection":[{"href":"https:\/\/mairenadelalcor.net\/colegios\/sanbartolome\/wp-json\/wp\/v2\/pages"}],"about":[{"href":"https:\/\/mairenadelalcor.net\/colegios\/sanbartolome\/wp-json\/wp\/v2\/types\/page"}],"author":[{"embeddable":true,"href":"https:\/\/mairenadelalcor.net\/colegios\/sanbartolome\/wp-json\/wp\/v2\/users\/3"}],"replies":[{"embeddable":true,"href":"https:\/\/mairenadelalcor.net\/colegios\/sanbartolome\/wp-json\/wp\/v2\/comments?post=4407"}],"version-history":[{"count":52,"href":"https:\/\/mairenadelalcor.net\/colegios\/sanbartolome\/wp-json\/wp\/v2\/pages\/4407\/revisions"}],"predecessor-version":[{"id":11149,"href":"https:\/\/mairenadelalcor.net\/colegios\/sanbartolome\/wp-json\/wp\/v2\/pages\/4407\/revisions\/11149"}],"wp:attachment":[{"href":"https:\/\/mairenadelalcor.net\/colegios\/sanbartolome\/wp-json\/wp\/v2\/media?parent=4407"}],"curies":[{"name":"wp","href":"https:\/\/api.w.org\/{rel}","templated":true}]}}