{"id":368,"date":"2018-03-19T07:33:24","date_gmt":"2018-03-19T07:33:24","guid":{"rendered":"https:\/\/mairenadelalcor.net\/colegios\/sanbartolome\/?page_id=368"},"modified":"2024-12-11T12:17:27","modified_gmt":"2024-12-11T12:17:27","slug":"dia-de-la-constitucion","status":"publish","type":"page","link":"https:\/\/mairenadelalcor.net\/colegios\/sanbartolome\/dia-de-la-constitucion\/","title":{"rendered":"D\u00eda de la Constituci\u00f3n"},"content":{"rendered":"\n<p><strong>Curso 24\/25<\/strong><\/p>\n\n\n\n<p>En este curso realizamos un acto en el que se iz\u00f3 la bandera con el himno de Espa\u00f1a, se les entreg\u00f3 su diploma a los nuevos delegados y delegadas elegidos por sus compa\u00f1eros\/as, y una breve lectura de algunos art\u00edculos de nuestra Constituci\u00f3n. <\/p>\n\n\n\n<figure class=\"wp-block-gallery has-nested-images columns-default is-cropped wp-block-gallery-1 is-layout-flex wp-block-gallery-is-layout-flex\">\n<figure class=\"wp-block-image size-large\"><img loading=\"lazy\" decoding=\"async\" width=\"1024\" height=\"576\" data-id=\"10359\" src=\"https:\/\/mairenadelalcor.net\/colegios\/sanbartolome\/wp-content\/uploads\/2024\/12\/IMG_20241205_102231-1024x576.jpg\" alt=\"\" class=\"wp-image-10359\" srcset=\"https:\/\/mairenadelalcor.net\/colegios\/sanbartolome\/wp-content\/uploads\/2024\/12\/IMG_20241205_102231-1024x576.jpg 1024w, https:\/\/mairenadelalcor.net\/colegios\/sanbartolome\/wp-content\/uploads\/2024\/12\/IMG_20241205_102231-300x169.jpg 300w, https:\/\/mairenadelalcor.net\/colegios\/sanbartolome\/wp-content\/uploads\/2024\/12\/IMG_20241205_102231-768x432.jpg 768w, https:\/\/mairenadelalcor.net\/colegios\/sanbartolome\/wp-content\/uploads\/2024\/12\/IMG_20241205_102231-1536x864.jpg 1536w, https:\/\/mairenadelalcor.net\/colegios\/sanbartolome\/wp-content\/uploads\/2024\/12\/IMG_20241205_102231-2048x1152.jpg 2048w\" sizes=\"auto, (max-width: 767px) 89vw, (max-width: 1000px) 54vw, (max-width: 1071px) 543px, 580px\" \/><\/figure>\n\n\n\n<figure class=\"wp-block-image size-large\"><img loading=\"lazy\" decoding=\"async\" width=\"1024\" height=\"576\" data-id=\"10360\" src=\"https:\/\/mairenadelalcor.net\/colegios\/sanbartolome\/wp-content\/uploads\/2024\/12\/IMG_20241205_101605-1024x576.jpg\" alt=\"\" class=\"wp-image-10360\" srcset=\"https:\/\/mairenadelalcor.net\/colegios\/sanbartolome\/wp-content\/uploads\/2024\/12\/IMG_20241205_101605-1024x576.jpg 1024w, https:\/\/mairenadelalcor.net\/colegios\/sanbartolome\/wp-content\/uploads\/2024\/12\/IMG_20241205_101605-300x169.jpg 300w, https:\/\/mairenadelalcor.net\/colegios\/sanbartolome\/wp-content\/uploads\/2024\/12\/IMG_20241205_101605-768x432.jpg 768w, https:\/\/mairenadelalcor.net\/colegios\/sanbartolome\/wp-content\/uploads\/2024\/12\/IMG_20241205_101605-1536x864.jpg 1536w, https:\/\/mairenadelalcor.net\/colegios\/sanbartolome\/wp-content\/uploads\/2024\/12\/IMG_20241205_101605-2048x1152.jpg 2048w\" sizes=\"auto, (max-width: 767px) 89vw, (max-width: 1000px) 54vw, (max-width: 1071px) 543px, 580px\" \/><\/figure>\n\n\n\n<figure class=\"wp-block-image size-large\"><img loading=\"lazy\" decoding=\"async\" width=\"1024\" height=\"576\" data-id=\"10361\" src=\"https:\/\/mairenadelalcor.net\/colegios\/sanbartolome\/wp-content\/uploads\/2024\/12\/IMG_20241205_102405-1024x576.jpg\" alt=\"\" class=\"wp-image-10361\" srcset=\"https:\/\/mairenadelalcor.net\/colegios\/sanbartolome\/wp-content\/uploads\/2024\/12\/IMG_20241205_102405-1024x576.jpg 1024w, https:\/\/mairenadelalcor.net\/colegios\/sanbartolome\/wp-content\/uploads\/2024\/12\/IMG_20241205_102405-300x169.jpg 300w, https:\/\/mairenadelalcor.net\/colegios\/sanbartolome\/wp-content\/uploads\/2024\/12\/IMG_20241205_102405-768x432.jpg 768w, https:\/\/mairenadelalcor.net\/colegios\/sanbartolome\/wp-content\/uploads\/2024\/12\/IMG_20241205_102405-1536x864.jpg 1536w, https:\/\/mairenadelalcor.net\/colegios\/sanbartolome\/wp-content\/uploads\/2024\/12\/IMG_20241205_102405-2048x1152.jpg 2048w\" sizes=\"auto, (max-width: 767px) 89vw, (max-width: 1000px) 54vw, (max-width: 1071px) 543px, 580px\" \/><\/figure>\n\n\n\n<figure class=\"wp-block-image size-large\"><img loading=\"lazy\" decoding=\"async\" width=\"1024\" height=\"576\" data-id=\"10362\" src=\"https:\/\/mairenadelalcor.net\/colegios\/sanbartolome\/wp-content\/uploads\/2024\/12\/IMG_20241205_101720-1024x576.jpg\" alt=\"\" class=\"wp-image-10362\" srcset=\"https:\/\/mairenadelalcor.net\/colegios\/sanbartolome\/wp-content\/uploads\/2024\/12\/IMG_20241205_101720-1024x576.jpg 1024w, https:\/\/mairenadelalcor.net\/colegios\/sanbartolome\/wp-content\/uploads\/2024\/12\/IMG_20241205_101720-300x169.jpg 300w, https:\/\/mairenadelalcor.net\/colegios\/sanbartolome\/wp-content\/uploads\/2024\/12\/IMG_20241205_101720-768x432.jpg 768w, https:\/\/mairenadelalcor.net\/colegios\/sanbartolome\/wp-content\/uploads\/2024\/12\/IMG_20241205_101720-1536x864.jpg 1536w, https:\/\/mairenadelalcor.net\/colegios\/sanbartolome\/wp-content\/uploads\/2024\/12\/IMG_20241205_101720-2048x1152.jpg 2048w\" sizes=\"auto, (max-width: 767px) 89vw, (max-width: 1000px) 54vw, (max-width: 1071px) 543px, 580px\" \/><\/figure>\n\n\n\n<figure class=\"wp-block-image size-large\"><img loading=\"lazy\" decoding=\"async\" width=\"1024\" height=\"768\" data-id=\"10365\" src=\"https:\/\/mairenadelalcor.net\/colegios\/sanbartolome\/wp-content\/uploads\/2024\/12\/20241205_102038-1024x768.jpg\" alt=\"\" class=\"wp-image-10365\" srcset=\"https:\/\/mairenadelalcor.net\/colegios\/sanbartolome\/wp-content\/uploads\/2024\/12\/20241205_102038-1024x768.jpg 1024w, https:\/\/mairenadelalcor.net\/colegios\/sanbartolome\/wp-content\/uploads\/2024\/12\/20241205_102038-300x225.jpg 300w, https:\/\/mairenadelalcor.net\/colegios\/sanbartolome\/wp-content\/uploads\/2024\/12\/20241205_102038-768x576.jpg 768w, https:\/\/mairenadelalcor.net\/colegios\/sanbartolome\/wp-content\/uploads\/2024\/12\/20241205_102038-1536x1152.jpg 1536w, https:\/\/mairenadelalcor.net\/colegios\/sanbartolome\/wp-content\/uploads\/2024\/12\/20241205_102038-2048x1536.jpg 2048w\" sizes=\"auto, (max-width: 767px) 89vw, (max-width: 1000px) 54vw, (max-width: 1071px) 543px, 580px\" \/><\/figure>\n\n\n\n<figure class=\"wp-block-image size-large\"><img loading=\"lazy\" decoding=\"async\" width=\"1024\" height=\"768\" data-id=\"10364\" src=\"https:\/\/mairenadelalcor.net\/colegios\/sanbartolome\/wp-content\/uploads\/2024\/12\/20241205_101943-1024x768.jpg\" alt=\"\" class=\"wp-image-10364\" srcset=\"https:\/\/mairenadelalcor.net\/colegios\/sanbartolome\/wp-content\/uploads\/2024\/12\/20241205_101943-1024x768.jpg 1024w, https:\/\/mairenadelalcor.net\/colegios\/sanbartolome\/wp-content\/uploads\/2024\/12\/20241205_101943-300x225.jpg 300w, https:\/\/mairenadelalcor.net\/colegios\/sanbartolome\/wp-content\/uploads\/2024\/12\/20241205_101943-768x576.jpg 768w, https:\/\/mairenadelalcor.net\/colegios\/sanbartolome\/wp-content\/uploads\/2024\/12\/20241205_101943-1536x1152.jpg 1536w, https:\/\/mairenadelalcor.net\/colegios\/sanbartolome\/wp-content\/uploads\/2024\/12\/20241205_101943-2048x1536.jpg 2048w\" sizes=\"auto, (max-width: 767px) 89vw, (max-width: 1000px) 54vw, (max-width: 1071px) 543px, 580px\" \/><\/figure>\n\n\n\n<figure class=\"wp-block-image size-large\"><img loading=\"lazy\" decoding=\"async\" width=\"1024\" height=\"768\" data-id=\"10363\" src=\"https:\/\/mairenadelalcor.net\/colegios\/sanbartolome\/wp-content\/uploads\/2024\/12\/20241205_101520-1024x768.jpg\" alt=\"\" class=\"wp-image-10363\" srcset=\"https:\/\/mairenadelalcor.net\/colegios\/sanbartolome\/wp-content\/uploads\/2024\/12\/20241205_101520-1024x768.jpg 1024w, https:\/\/mairenadelalcor.net\/colegios\/sanbartolome\/wp-content\/uploads\/2024\/12\/20241205_101520-300x225.jpg 300w, https:\/\/mairenadelalcor.net\/colegios\/sanbartolome\/wp-content\/uploads\/2024\/12\/20241205_101520-768x576.jpg 768w, https:\/\/mairenadelalcor.net\/colegios\/sanbartolome\/wp-content\/uploads\/2024\/12\/20241205_101520-1536x1152.jpg 1536w, https:\/\/mairenadelalcor.net\/colegios\/sanbartolome\/wp-content\/uploads\/2024\/12\/20241205_101520-2048x1536.jpg 2048w\" sizes=\"auto, (max-width: 767px) 89vw, (max-width: 1000px) 54vw, (max-width: 1071px) 543px, 580px\" \/><\/figure>\n<\/figure>\n","protected":false},"excerpt":{"rendered":"<p>Curso 24\/25 En este curso realizamos un acto en el que se iz\u00f3 la bandera con el himno de Espa\u00f1a, se les entreg\u00f3 su diploma a los nuevos delegados y &hellip; <\/p>\n<p class=\"link-more\"><a href=\"https:\/\/mairenadelalcor.net\/colegios\/sanbartolome\/dia-de-la-constitucion\/\" class=\"more-link\">Continuar leyendo<span class=\"screen-reader-text\"> \u00abD\u00eda de la Constituci\u00f3n\u00bb<\/span><\/a><\/p>\n","protected":false},"author":1,"featured_media":0,"parent":0,"menu_order":0,"comment_status":"closed","ping_status":"closed","template":"","meta":{"footnotes":""},"class_list":["post-368","page","type-page","status-publish","hentry"],"_links":{"self":[{"href":"https:\/\/mairenadelalcor.net\/colegios\/sanbartolome\/wp-json\/wp\/v2\/pages\/368","targetHints":{"allow":["GET"]}}],"collection":[{"href":"https:\/\/mairenadelalcor.net\/colegios\/sanbartolome\/wp-json\/wp\/v2\/pages"}],"about":[{"href":"https:\/\/mairenadelalcor.net\/colegios\/sanbartolome\/wp-json\/wp\/v2\/types\/page"}],"author":[{"embeddable":true,"href":"https:\/\/mairenadelalcor.net\/colegios\/sanbartolome\/wp-json\/wp\/v2\/users\/1"}],"replies":[{"embeddable":true,"href":"https:\/\/mairenadelalcor.net\/colegios\/sanbartolome\/wp-json\/wp\/v2\/comments?post=368"}],"version-history":[{"count":5,"href":"https:\/\/mairenadelalcor.net\/colegios\/sanbartolome\/wp-json\/wp\/v2\/pages\/368\/revisions"}],"predecessor-version":[{"id":10366,"href":"https:\/\/mairenadelalcor.net\/colegios\/sanbartolome\/wp-json\/wp\/v2\/pages\/368\/revisions\/10366"}],"wp:attachment":[{"href":"https:\/\/mairenadelalcor.net\/colegios\/sanbartolome\/wp-json\/wp\/v2\/media?parent=368"}],"curies":[{"name":"wp","href":"https:\/\/api.w.org\/{rel}","templated":true}]}}