{"id":2084,"date":"2019-02-18T12:11:44","date_gmt":"2019-02-18T12:11:44","guid":{"rendered":"https:\/\/mairenadelalcor.net\/colegios\/sanbartolome\/?page_id=2084"},"modified":"2026-03-02T11:57:23","modified_gmt":"2026-03-02T11:57:23","slug":"escolarizacion-curso-19-20","status":"publish","type":"page","link":"https:\/\/mairenadelalcor.net\/colegios\/sanbartolome\/escolarizacion-curso-19-20\/","title":{"rendered":"ESCOLARIZACI\u00d3N 26\/27"},"content":{"rendered":"\n<p><\/p>\n\n\n\n<p><strong>ADMISI\u00d3N (Del 1 al 31 de Marzo)<\/strong><\/p>\n\n\n<p><a href=\"https:\/\/www.juntadeandalucia.es\/educacion\/portales\/web\/escolarizacion\">Portal de Escolarizaci\u00f3n<\/a><\/p>\n<p><a href=\"https:\/\/www.youtube.com\/watch?v=VCcL3E5x7lk&amp;t=0s\">Matriculaci\u00f3n Telem\u00e1tica: Pincha aqu\u00ed para ver el v\u00eddeo tutorial<\/a><\/p>\n<p><a href=\"https:\/\/www.juntadeandalucia.es\/educacion\/secretariavirtual\/accesoTramite\/543\/\">Matriculaci\u00f3n Telem\u00e1tica: Enlace para rellenarlo (a partir del 1 de marzo)<\/a><\/p>\n<p>Recordar que para realizar los tr\u00e1mites telem\u00e1ticos se necesita la clave iANDE, que est\u00e1 anclada al inicio de las comunicaciones iPASEN. Tambi\u00e9n se puede acceder con Certificado Digital, DNIe, y Cl@ve.<\/p>\n<p><a href=\"https:\/\/portales.ced.junta-andalucia.es\/educacion\/portales\/web\/escolarizacion\/infantil-a-bachillerato\/preguntas-frecuentes\">Preguntas frecuentes<\/a><\/p>\n<p><a href=\"https:\/\/mairenadelalcor.net\/colegios\/sanbartolome\/wp-content\/uploads\/2026\/03\/2026_41058_I_P_05_VIALES.pdf\">Informe de viales 26\/27<\/a><\/p>\n\n\n<p><a href=\"https:\/\/mairenadelalcor.net\/colegios\/sanbartolome\/wp-content\/uploads\/2026\/03\/2026_41058_I_P_05.pdf\">\u00c1rea de influencia 26\/27<\/a><\/p>\n\n\n\n<p><a href=\"https:\/\/mairenadelalcor.net\/colegios\/sanbartolome\/wp-content\/uploads\/2026\/03\/Documentos-para-la-publicacion-inicial.pdf\">Plazas vacantes ofertadas y Servicios Complementarios<\/a><\/p>\n\n\n\n<p><\/p>\n\n\n\n<p><\/p>\n\n\n\n<p><\/p>\n\n\n\n<p><strong>MATRICULACI\u00d3N TELEM\u00c1TICA<\/strong> (Del <strong>1 al 9 junio<\/strong>, ambos inclusive)<\/p>\n\n\n\n<p><a href=\"https:\/\/www.juntadeandalucia.es\/educacion\/secretariavirtual\/accesoTramite\/365\/\">Secretar\u00eda Virtual (Pinche aqu\u00ed para comenzar la matriculaci\u00f3n telem\u00e1tica)<\/a><\/p>\n\n\n\n<p><a href=\"https:\/\/www.youtube.com\/watch?v=VCcL3E5x7lk&amp;t=0s\">Matriculaci\u00f3n Telem\u00e1tica: Pincha aqu\u00ed para ver el v\u00eddeo tutorial<\/a><\/p>\n\n\n\n<p><a href=\"https:\/\/mairenadelalcor.net\/colegios\/sanbartolome\/wp-content\/uploads\/2025\/05\/Como-rellenar-matricula-electronica.pdf\">C\u00f3mo rellenar la matr\u00edcula electr\u00f3nica (Tutorial en pdf)<\/a><\/p>\n\n\n\n<p><\/p>\n\n\n\n<p><a href=\"https:\/\/mairenadelalcor.net\/colegios\/sanbartolome\/wp-content\/uploads\/2025\/05\/Escrito-familias-matricula-y-peticion-aula-matinal-y-comedor.pdf\">Escrito para las familias: Matr\u00edcula y petici\u00f3n de Aula Matinal y Comedor<\/a><\/p>\n\n\n\n<p><a href=\"https:\/\/mairenadelalcor.net\/colegios\/sanbartolome\/wp-content\/uploads\/2025\/05\/Informacion-servicios-complementarios-para-el-curso-25_26.pdf\">Informaci\u00f3n sobre el Plan de Apertura: Aula Matinal, Comedor y Actividades Extraescolares<\/a><\/p>\n\n\n\n<p><a href=\"https:\/\/mairenadelalcor.net\/colegios\/sanbartolome\/wp-content\/uploads\/2025\/05\/HORARIO-SAN-BARTOLOME-CURSO-25-26.pdf\">Horario Actividades Extraescolares Curso 25\/26<\/a><\/p>\n\n\n\n<p>Preguntas Frecuentes<\/p>\n\n\n\n<p><a href=\"https:\/\/www.juntadeandalucia.es\/educacion\/portales\/web\/escolarizacion\">Portal de Escolarizaci\u00f3n<\/a><\/p>\n\n\n\n<p><\/p>\n\n\n\n<p><\/p>\n\n\n\n<p><\/p>\n\n\n\n<p><\/p>\n","protected":false},"excerpt":{"rendered":"<p>ADMISI\u00d3N (Del 1 al 31 de Marzo) Portal de Escolarizaci\u00f3n Matriculaci\u00f3n Telem\u00e1tica: Pincha aqu\u00ed para ver el v\u00eddeo tutorial Matriculaci\u00f3n Telem\u00e1tica: Enlace para rellenarlo (a partir del 1 de marzo) &hellip; <\/p>\n<p class=\"link-more\"><a href=\"https:\/\/mairenadelalcor.net\/colegios\/sanbartolome\/escolarizacion-curso-19-20\/\" class=\"more-link\">Continuar leyendo<span class=\"screen-reader-text\"> \u00abESCOLARIZACI\u00d3N 26\/27\u00bb<\/span><\/a><\/p>\n","protected":false},"author":3,"featured_media":0,"parent":0,"menu_order":0,"comment_status":"closed","ping_status":"closed","template":"","meta":{"footnotes":""},"class_list":["post-2084","page","type-page","status-publish","hentry"],"_links":{"self":[{"href":"https:\/\/mairenadelalcor.net\/colegios\/sanbartolome\/wp-json\/wp\/v2\/pages\/2084","targetHints":{"allow":["GET"]}}],"collection":[{"href":"https:\/\/mairenadelalcor.net\/colegios\/sanbartolome\/wp-json\/wp\/v2\/pages"}],"about":[{"href":"https:\/\/mairenadelalcor.net\/colegios\/sanbartolome\/wp-json\/wp\/v2\/types\/page"}],"author":[{"embeddable":true,"href":"https:\/\/mairenadelalcor.net\/colegios\/sanbartolome\/wp-json\/wp\/v2\/users\/3"}],"replies":[{"embeddable":true,"href":"https:\/\/mairenadelalcor.net\/colegios\/sanbartolome\/wp-json\/wp\/v2\/comments?post=2084"}],"version-history":[{"count":46,"href":"https:\/\/mairenadelalcor.net\/colegios\/sanbartolome\/wp-json\/wp\/v2\/pages\/2084\/revisions"}],"predecessor-version":[{"id":11319,"href":"https:\/\/mairenadelalcor.net\/colegios\/sanbartolome\/wp-json\/wp\/v2\/pages\/2084\/revisions\/11319"}],"wp:attachment":[{"href":"https:\/\/mairenadelalcor.net\/colegios\/sanbartolome\/wp-json\/wp\/v2\/media?parent=2084"}],"curies":[{"name":"wp","href":"https:\/\/api.w.org\/{rel}","templated":true}]}}