{"id":1488,"date":"2018-11-20T12:19:20","date_gmt":"2018-11-20T12:19:20","guid":{"rendered":"https:\/\/mairenadelalcor.net\/colegios\/sanbartolome\/?page_id=1488"},"modified":"2026-01-26T12:19:03","modified_gmt":"2026-01-26T12:19:03","slug":"dia-del-flamenco-2","status":"publish","type":"page","link":"https:\/\/mairenadelalcor.net\/colegios\/sanbartolome\/dia-del-flamenco-2\/","title":{"rendered":"D\u00eda del Flamenco"},"content":{"rendered":"\n<p><strong>DIA DEL FLAMENCO 25\/26<\/strong><\/p>\n\n\n\n<p>Con motivo de la conmemoraci\u00f3n del D\u00eda del Flamenco, hemos realizado distintas actividades durante la semana, adentr\u00e1ndonos en los distintos palos desde el cante, el toque y el baile.<\/p>\n\n\n\n<p>Hoy hemos tenido la suerte de contar con la actuaci\u00f3n del cantaor Jes\u00fas Le\u00f3n, que tambi\u00e9n es padre de dos alumnas del centro, para poner el colof\u00f3n a esta semana de acercamiento a nuestro arte m\u00e1s universal.<\/p>\n\n\n\n<figure class=\"wp-block-image size-large\"><img loading=\"lazy\" decoding=\"async\" width=\"1024\" height=\"771\" src=\"https:\/\/mairenadelalcor.net\/colegios\/sanbartolome\/wp-content\/uploads\/2025\/11\/WhatsApp-Image-2025-11-17-at-11.25.33-1024x771.jpeg\" alt=\"\" class=\"wp-image-11093\" srcset=\"https:\/\/mairenadelalcor.net\/colegios\/sanbartolome\/wp-content\/uploads\/2025\/11\/WhatsApp-Image-2025-11-17-at-11.25.33-1024x771.jpeg 1024w, https:\/\/mairenadelalcor.net\/colegios\/sanbartolome\/wp-content\/uploads\/2025\/11\/WhatsApp-Image-2025-11-17-at-11.25.33-300x226.jpeg 300w, https:\/\/mairenadelalcor.net\/colegios\/sanbartolome\/wp-content\/uploads\/2025\/11\/WhatsApp-Image-2025-11-17-at-11.25.33-768x578.jpeg 768w, https:\/\/mairenadelalcor.net\/colegios\/sanbartolome\/wp-content\/uploads\/2025\/11\/WhatsApp-Image-2025-11-17-at-11.25.33-1536x1157.jpeg 1536w, https:\/\/mairenadelalcor.net\/colegios\/sanbartolome\/wp-content\/uploads\/2025\/11\/WhatsApp-Image-2025-11-17-at-11.25.33.jpeg 2040w\" sizes=\"auto, (max-width: 767px) 89vw, (max-width: 1000px) 54vw, (max-width: 1071px) 543px, 580px\" \/><\/figure>\n\n\n\n<p><\/p>\n\n\n\n<p><strong>DIA DEL FLAMENCO 24\/25<\/strong><\/p>\n\n\n\n<p>Con motivo de la celebraci\u00f3n del D\u00eda Internacional del Flamenco, el pasado 16 de noviembre, hemos trabajado en nuestro cole desde diversas \u00e1reas y con actividades variadas nuestro arte, que es Patrimonio de la Humanidad.<\/p>\n\n\n\n<p>Desde el \u00e1rea de art\u00edstica se han trabajado en clase distintos palos flamencos, atendiendo al cante, el toque y el baile. Adem\u00e1s, en este a\u00f1o nos hemos centrado en el \u00abEl Garrot\u00edn\u00bb como cante com\u00fan a todos los cursos.<\/p>\n\n\n\n<p>Como colof\u00f3n a las actividades realizadas, el alumnado de sexto curso ha podido disfrutar el 25 de Noviembre de la visita de artistas flamencos de la Fundaci\u00f3n Cristina Heeren, dentro del programa \u00abAl cante en la escuela\u00bb.<\/p>\n\n\n\n<figure class=\"wp-block-image size-large\"><img loading=\"lazy\" decoding=\"async\" width=\"1024\" height=\"768\" src=\"https:\/\/mairenadelalcor.net\/colegios\/sanbartolome\/wp-content\/uploads\/2024\/11\/WhatsApp-Image-2024-11-25-at-13.01.38-1024x768.jpeg\" alt=\"\" class=\"wp-image-10235\" srcset=\"https:\/\/mairenadelalcor.net\/colegios\/sanbartolome\/wp-content\/uploads\/2024\/11\/WhatsApp-Image-2024-11-25-at-13.01.38-1024x768.jpeg 1024w, https:\/\/mairenadelalcor.net\/colegios\/sanbartolome\/wp-content\/uploads\/2024\/11\/WhatsApp-Image-2024-11-25-at-13.01.38-300x225.jpeg 300w, https:\/\/mairenadelalcor.net\/colegios\/sanbartolome\/wp-content\/uploads\/2024\/11\/WhatsApp-Image-2024-11-25-at-13.01.38-768x576.jpeg 768w, https:\/\/mairenadelalcor.net\/colegios\/sanbartolome\/wp-content\/uploads\/2024\/11\/WhatsApp-Image-2024-11-25-at-13.01.38-1536x1152.jpeg 1536w, https:\/\/mairenadelalcor.net\/colegios\/sanbartolome\/wp-content\/uploads\/2024\/11\/WhatsApp-Image-2024-11-25-at-13.01.38.jpeg 2048w\" sizes=\"auto, (max-width: 767px) 89vw, (max-width: 1000px) 54vw, (max-width: 1071px) 543px, 580px\" \/><\/figure>\n\n\n\n<figure class=\"wp-block-image size-large\"><img loading=\"lazy\" decoding=\"async\" width=\"1024\" height=\"768\" src=\"https:\/\/mairenadelalcor.net\/colegios\/sanbartolome\/wp-content\/uploads\/2024\/11\/WhatsApp-Image-2024-11-25-at-13.01.02b-1024x768.jpeg\" alt=\"\" class=\"wp-image-10236\" srcset=\"https:\/\/mairenadelalcor.net\/colegios\/sanbartolome\/wp-content\/uploads\/2024\/11\/WhatsApp-Image-2024-11-25-at-13.01.02b-1024x768.jpeg 1024w, https:\/\/mairenadelalcor.net\/colegios\/sanbartolome\/wp-content\/uploads\/2024\/11\/WhatsApp-Image-2024-11-25-at-13.01.02b-300x225.jpeg 300w, https:\/\/mairenadelalcor.net\/colegios\/sanbartolome\/wp-content\/uploads\/2024\/11\/WhatsApp-Image-2024-11-25-at-13.01.02b-768x576.jpeg 768w, https:\/\/mairenadelalcor.net\/colegios\/sanbartolome\/wp-content\/uploads\/2024\/11\/WhatsApp-Image-2024-11-25-at-13.01.02b-1536x1152.jpeg 1536w, https:\/\/mairenadelalcor.net\/colegios\/sanbartolome\/wp-content\/uploads\/2024\/11\/WhatsApp-Image-2024-11-25-at-13.01.02b.jpeg 2040w\" sizes=\"auto, (max-width: 767px) 89vw, (max-width: 1000px) 54vw, (max-width: 1071px) 543px, 580px\" \/><\/figure>\n\n\n\n<figure class=\"wp-block-image size-large\"><img loading=\"lazy\" decoding=\"async\" width=\"1024\" height=\"768\" src=\"https:\/\/mairenadelalcor.net\/colegios\/sanbartolome\/wp-content\/uploads\/2024\/11\/WhatsApp-Image-2024-11-25-at-13.01.02-1024x768.jpeg\" alt=\"\" class=\"wp-image-10237\" srcset=\"https:\/\/mairenadelalcor.net\/colegios\/sanbartolome\/wp-content\/uploads\/2024\/11\/WhatsApp-Image-2024-11-25-at-13.01.02-1024x768.jpeg 1024w, https:\/\/mairenadelalcor.net\/colegios\/sanbartolome\/wp-content\/uploads\/2024\/11\/WhatsApp-Image-2024-11-25-at-13.01.02-300x225.jpeg 300w, https:\/\/mairenadelalcor.net\/colegios\/sanbartolome\/wp-content\/uploads\/2024\/11\/WhatsApp-Image-2024-11-25-at-13.01.02-768x576.jpeg 768w, https:\/\/mairenadelalcor.net\/colegios\/sanbartolome\/wp-content\/uploads\/2024\/11\/WhatsApp-Image-2024-11-25-at-13.01.02-1536x1152.jpeg 1536w, https:\/\/mairenadelalcor.net\/colegios\/sanbartolome\/wp-content\/uploads\/2024\/11\/WhatsApp-Image-2024-11-25-at-13.01.02.jpeg 2040w\" sizes=\"auto, (max-width: 767px) 89vw, (max-width: 1000px) 54vw, (max-width: 1071px) 543px, 580px\" \/><\/figure>\n\n\n\n<figure class=\"wp-block-video\"><video height=\"478\" style=\"aspect-ratio: 848 \/ 478;\" width=\"848\" controls src=\"https:\/\/mairenadelalcor.net\/colegios\/sanbartolome\/wp-content\/uploads\/2024\/11\/WhatsApp-Video-2024-11-25-at-13.01.38.mp4\"><\/video><\/figure>\n\n\n\n<p><\/p>\n\n\n\n<p><strong>DIA DEL FLAMENCO 23\/24<\/strong><\/p>\n\n\n\n<p>El pasado 21 de noviembre se celebr\u00f3 el d\u00eda del  Flamenco en nuestro cole. El maestro \u00d3scar trabaj\u00f3 un fandango con el alumnado, para interpretarlo en  el patio interior.  En este d\u00eda nos acompa\u00f1\u00f3 Jes\u00fas Le\u00f3n, un padre de alumna de 5 a\u00f1os, deleit\u00e1ndonos con algunos cantes.<\/p>\n\n\n\n<p>D\u00eda del flamenco<\/p>\n\n\n\n<p> Como el agua, con Jes\u00fas Le\u00f3n <a href=\"https:\/\/youtu.be\/jneRVdin0Es\" data-type=\"link\" data-id=\"https:\/\/youtu.be\/jneRVdin0Es\">https:\/\/youtu.be\/jneRVdin0Es<\/a>.<\/p>\n\n\n\n<p><a href=\"https:\/\/youtu.be\/LlbxQ3CTcOw\" data-type=\"link\" data-id=\"https:\/\/youtu.be\/LlbxQ3CTcOw\">Fandango de Alosno<\/a>  <a href=\"https:\/\/youtu.be\/LlbxQ3CTcOw\" data-type=\"link\" data-id=\"https:\/\/youtu.be\/LlbxQ3CTcOw\">https:\/\/youtu.be\/LlbxQ3CTcOw<\/a><\/p>\n\n\n\n<p>Pena, al baile Elsa Falc\u00f3n. <a href=\"https:\/\/youtu.be\/CoG5AFz9sQQ\" data-type=\"link\" data-id=\"https:\/\/youtu.be\/CoG5AFz9sQQ\">https:\/\/youtu.be\/CoG5AFz9sQQ<\/a><\/p>\n\n\n\n<figure class=\"wp-block-gallery has-nested-images columns-default is-cropped wp-block-gallery-1 is-layout-flex wp-block-gallery-is-layout-flex\">\n<figure class=\"wp-block-image size-large is-style-default\"><img loading=\"lazy\" decoding=\"async\" width=\"1024\" height=\"564\" data-id=\"10016\" src=\"https:\/\/mairenadelalcor.net\/colegios\/sanbartolome\/wp-content\/uploads\/2023\/12\/portada3-1024x564.jpg\" alt=\"\" class=\"wp-image-10016\" srcset=\"https:\/\/mairenadelalcor.net\/colegios\/sanbartolome\/wp-content\/uploads\/2023\/12\/portada3-1024x564.jpg 1024w, https:\/\/mairenadelalcor.net\/colegios\/sanbartolome\/wp-content\/uploads\/2023\/12\/portada3-300x165.jpg 300w, https:\/\/mairenadelalcor.net\/colegios\/sanbartolome\/wp-content\/uploads\/2023\/12\/portada3-768x423.jpg 768w, https:\/\/mairenadelalcor.net\/colegios\/sanbartolome\/wp-content\/uploads\/2023\/12\/portada3.jpg 1241w\" sizes=\"auto, (max-width: 767px) 89vw, (max-width: 1000px) 54vw, (max-width: 1071px) 543px, 580px\" \/><\/figure>\n<\/figure>\n","protected":false},"excerpt":{"rendered":"<p>DIA DEL FLAMENCO 25\/26 Con motivo de la conmemoraci\u00f3n del D\u00eda del Flamenco, hemos realizado distintas actividades durante la semana, adentr\u00e1ndonos en los distintos palos desde el cante, el toque &hellip; <\/p>\n<p class=\"link-more\"><a href=\"https:\/\/mairenadelalcor.net\/colegios\/sanbartolome\/dia-del-flamenco-2\/\" class=\"more-link\">Continuar leyendo<span class=\"screen-reader-text\"> \u00abD\u00eda del Flamenco\u00bb<\/span><\/a><\/p>\n","protected":false},"author":3,"featured_media":0,"parent":0,"menu_order":0,"comment_status":"closed","ping_status":"closed","template":"","meta":{"footnotes":""},"class_list":["post-1488","page","type-page","status-publish","hentry"],"_links":{"self":[{"href":"https:\/\/mairenadelalcor.net\/colegios\/sanbartolome\/wp-json\/wp\/v2\/pages\/1488","targetHints":{"allow":["GET"]}}],"collection":[{"href":"https:\/\/mairenadelalcor.net\/colegios\/sanbartolome\/wp-json\/wp\/v2\/pages"}],"about":[{"href":"https:\/\/mairenadelalcor.net\/colegios\/sanbartolome\/wp-json\/wp\/v2\/types\/page"}],"author":[{"embeddable":true,"href":"https:\/\/mairenadelalcor.net\/colegios\/sanbartolome\/wp-json\/wp\/v2\/users\/3"}],"replies":[{"embeddable":true,"href":"https:\/\/mairenadelalcor.net\/colegios\/sanbartolome\/wp-json\/wp\/v2\/comments?post=1488"}],"version-history":[{"count":14,"href":"https:\/\/mairenadelalcor.net\/colegios\/sanbartolome\/wp-json\/wp\/v2\/pages\/1488\/revisions"}],"predecessor-version":[{"id":11263,"href":"https:\/\/mairenadelalcor.net\/colegios\/sanbartolome\/wp-json\/wp\/v2\/pages\/1488\/revisions\/11263"}],"wp:attachment":[{"href":"https:\/\/mairenadelalcor.net\/colegios\/sanbartolome\/wp-json\/wp\/v2\/media?parent=1488"}],"curies":[{"name":"wp","href":"https:\/\/api.w.org\/{rel}","templated":true}]}}