{"id":1254,"date":"2018-10-25T14:30:42","date_gmt":"2018-10-25T14:30:42","guid":{"rendered":"https:\/\/mairenadelalcor.net\/colegios\/sanbartolome\/?page_id=1254"},"modified":"2021-11-22T19:58:02","modified_gmt":"2021-11-22T19:58:02","slug":"cuarto","status":"publish","type":"page","link":"https:\/\/mairenadelalcor.net\/colegios\/sanbartolome\/cuarto\/","title":{"rendered":"CUARTO"},"content":{"rendered":"<p><strong>Curso 21\/22<\/strong><\/p>\n<p><a href=\"https:\/\/youtu.be\/UVitYR9sSHk\">Video de la presentaci\u00f3n de los cuentos trabajados en clase de \u00abla hormiga lectora\u00bb<\/a><\/p>\n<p><strong>Curso 20\/21<\/strong><\/p>\n<p>Donaci\u00f3n de pelo de la se\u00f1o y carta de nuestro alumnado para la asociaci\u00f3n.<\/p>\n<p><img loading=\"lazy\" decoding=\"async\" class=\"alignnone size-medium wp-image-5485\" src=\"https:\/\/mairenadelalcor.net\/colegios\/sanbartolome\/wp-content\/uploads\/2021\/01\/wp-1611239850244-225x300.jpg\" alt=\"\" width=\"225\" height=\"300\" srcset=\"https:\/\/mairenadelalcor.net\/colegios\/sanbartolome\/wp-content\/uploads\/2021\/01\/wp-1611239850244-225x300.jpg 225w, https:\/\/mairenadelalcor.net\/colegios\/sanbartolome\/wp-content\/uploads\/2021\/01\/wp-1611239850244-768x1024.jpg 768w, https:\/\/mairenadelalcor.net\/colegios\/sanbartolome\/wp-content\/uploads\/2021\/01\/wp-1611239850244.jpg 1536w\" sizes=\"auto, (max-width: 225px) 100vw, 225px\" \/><\/p>\n<p><strong>Creaci\u00f3n de cohetes&#8230;.<\/strong><\/p>\n<p><img loading=\"lazy\" decoding=\"async\" class=\"alignnone size-medium wp-image-3088\" src=\"https:\/\/mairenadelalcor.net\/colegios\/sanbartolome\/wp-content\/uploads\/2019\/05\/IMG-20190530-WA0013-300x300.jpg\" alt=\"\" width=\"300\" height=\"300\" srcset=\"https:\/\/mairenadelalcor.net\/colegios\/sanbartolome\/wp-content\/uploads\/2019\/05\/IMG-20190530-WA0013-300x300.jpg 300w, https:\/\/mairenadelalcor.net\/colegios\/sanbartolome\/wp-content\/uploads\/2019\/05\/IMG-20190530-WA0013-150x150.jpg 150w, https:\/\/mairenadelalcor.net\/colegios\/sanbartolome\/wp-content\/uploads\/2019\/05\/IMG-20190530-WA0013-768x768.jpg 768w, https:\/\/mairenadelalcor.net\/colegios\/sanbartolome\/wp-content\/uploads\/2019\/05\/IMG-20190530-WA0013-1024x1024.jpg 1024w, https:\/\/mairenadelalcor.net\/colegios\/sanbartolome\/wp-content\/uploads\/2019\/05\/IMG-20190530-WA0013-100x100.jpg 100w, https:\/\/mairenadelalcor.net\/colegios\/sanbartolome\/wp-content\/uploads\/2019\/05\/IMG-20190530-WA0013.jpg 1500w\" sizes=\"auto, (max-width: 300px) 100vw, 300px\" \/> <img loading=\"lazy\" decoding=\"async\" class=\"alignnone size-medium wp-image-3087\" src=\"https:\/\/mairenadelalcor.net\/colegios\/sanbartolome\/wp-content\/uploads\/2019\/05\/IMG-20190530-WA0004-300x169.jpg\" alt=\"\" width=\"300\" height=\"169\" srcset=\"https:\/\/mairenadelalcor.net\/colegios\/sanbartolome\/wp-content\/uploads\/2019\/05\/IMG-20190530-WA0004-300x169.jpg 300w, https:\/\/mairenadelalcor.net\/colegios\/sanbartolome\/wp-content\/uploads\/2019\/05\/IMG-20190530-WA0004-768x432.jpg 768w, https:\/\/mairenadelalcor.net\/colegios\/sanbartolome\/wp-content\/uploads\/2019\/05\/IMG-20190530-WA0004-1024x576.jpg 1024w, https:\/\/mairenadelalcor.net\/colegios\/sanbartolome\/wp-content\/uploads\/2019\/05\/IMG-20190530-WA0004.jpg 1600w\" sizes=\"auto, (max-width: 300px) 100vw, 300px\" \/><\/p>\n","protected":false},"excerpt":{"rendered":"<p>Curso 21\/22 Video de la presentaci\u00f3n de los cuentos trabajados en clase de \u00abla hormiga lectora\u00bb Curso 20\/21 Donaci\u00f3n de pelo de la se\u00f1o y carta de nuestro alumnado para &hellip; <\/p>\n<p class=\"link-more\"><a href=\"https:\/\/mairenadelalcor.net\/colegios\/sanbartolome\/cuarto\/\" class=\"more-link\">Continuar leyendo<span class=\"screen-reader-text\"> \u00abCUARTO\u00bb<\/span><\/a><\/p>\n","protected":false},"author":3,"featured_media":0,"parent":0,"menu_order":0,"comment_status":"closed","ping_status":"closed","template":"","meta":{"footnotes":""},"class_list":["post-1254","page","type-page","status-publish","hentry"],"_links":{"self":[{"href":"https:\/\/mairenadelalcor.net\/colegios\/sanbartolome\/wp-json\/wp\/v2\/pages\/1254","targetHints":{"allow":["GET"]}}],"collection":[{"href":"https:\/\/mairenadelalcor.net\/colegios\/sanbartolome\/wp-json\/wp\/v2\/pages"}],"about":[{"href":"https:\/\/mairenadelalcor.net\/colegios\/sanbartolome\/wp-json\/wp\/v2\/types\/page"}],"author":[{"embeddable":true,"href":"https:\/\/mairenadelalcor.net\/colegios\/sanbartolome\/wp-json\/wp\/v2\/users\/3"}],"replies":[{"embeddable":true,"href":"https:\/\/mairenadelalcor.net\/colegios\/sanbartolome\/wp-json\/wp\/v2\/comments?post=1254"}],"version-history":[{"count":4,"href":"https:\/\/mairenadelalcor.net\/colegios\/sanbartolome\/wp-json\/wp\/v2\/pages\/1254\/revisions"}],"predecessor-version":[{"id":7342,"href":"https:\/\/mairenadelalcor.net\/colegios\/sanbartolome\/wp-json\/wp\/v2\/pages\/1254\/revisions\/7342"}],"wp:attachment":[{"href":"https:\/\/mairenadelalcor.net\/colegios\/sanbartolome\/wp-json\/wp\/v2\/media?parent=1254"}],"curies":[{"name":"wp","href":"https:\/\/api.w.org\/{rel}","templated":true}]}}