{"id":1153,"date":"2018-08-08T14:48:13","date_gmt":"2018-08-08T14:48:13","guid":{"rendered":"https:\/\/mairenadelalcor.net\/colegios\/sanbartolome\/?page_id=1153"},"modified":"2018-08-08T14:50:07","modified_gmt":"2018-08-08T14:50:07","slug":"carta-a-las-familias-de-los-ninos-y-ninas-de-3-anos-que-comienzan-el-cole","status":"publish","type":"page","link":"https:\/\/mairenadelalcor.net\/colegios\/sanbartolome\/carta-a-las-familias-de-los-ninos-y-ninas-de-3-anos-que-comienzan-el-cole\/","title":{"rendered":"Carta a las familias de los ni\u00f1os y ni\u00f1as de 3 a\u00f1os que comienzan el cole"},"content":{"rendered":"<p><a href=\"https:\/\/mairenadelalcor.net\/colegios\/sanbartolome\/wp-content\/uploads\/2018\/08\/CARTA-ORIENTACIONES-PADRES2FMADRES-INFANTIL-3-A\u00d1OS-1.pdf\">CARTA ORIENTACIONES PADRESMADRES INFANTIL 3 A\u00d1OS<\/a><\/p>\n","protected":false},"excerpt":{"rendered":"<p>CARTA ORIENTACIONES PADRESMADRES INFANTIL 3 A\u00d1OS<\/p>\n","protected":false},"author":3,"featured_media":0,"parent":0,"menu_order":0,"comment_status":"closed","ping_status":"closed","template":"","meta":{"footnotes":""},"class_list":["post-1153","page","type-page","status-publish","hentry"],"_links":{"self":[{"href":"https:\/\/mairenadelalcor.net\/colegios\/sanbartolome\/wp-json\/wp\/v2\/pages\/1153","targetHints":{"allow":["GET"]}}],"collection":[{"href":"https:\/\/mairenadelalcor.net\/colegios\/sanbartolome\/wp-json\/wp\/v2\/pages"}],"about":[{"href":"https:\/\/mairenadelalcor.net\/colegios\/sanbartolome\/wp-json\/wp\/v2\/types\/page"}],"author":[{"embeddable":true,"href":"https:\/\/mairenadelalcor.net\/colegios\/sanbartolome\/wp-json\/wp\/v2\/users\/3"}],"replies":[{"embeddable":true,"href":"https:\/\/mairenadelalcor.net\/colegios\/sanbartolome\/wp-json\/wp\/v2\/comments?post=1153"}],"version-history":[{"count":2,"href":"https:\/\/mairenadelalcor.net\/colegios\/sanbartolome\/wp-json\/wp\/v2\/pages\/1153\/revisions"}],"predecessor-version":[{"id":1159,"href":"https:\/\/mairenadelalcor.net\/colegios\/sanbartolome\/wp-json\/wp\/v2\/pages\/1153\/revisions\/1159"}],"wp:attachment":[{"href":"https:\/\/mairenadelalcor.net\/colegios\/sanbartolome\/wp-json\/wp\/v2\/media?parent=1153"}],"curies":[{"name":"wp","href":"https:\/\/api.w.org\/{rel}","templated":true}]}}