{"id":1141,"date":"2018-08-02T17:42:54","date_gmt":"2018-08-02T17:42:54","guid":{"rendered":"https:\/\/mairenadelalcor.net\/colegios\/sanbartolome\/?page_id=1141"},"modified":"2022-05-31T09:21:10","modified_gmt":"2022-05-31T09:21:10","slug":"plan-de-apertura-2","status":"publish","type":"page","link":"https:\/\/mairenadelalcor.net\/colegios\/sanbartolome\/plan-de-apertura-2\/","title":{"rendered":"PLAN DE APERTURA"},"content":{"rendered":"\n<p><a href=\"https:\/\/mairenadelalcor.net\/colegios\/sanbartolome\/wp-content\/uploads\/2022\/05\/Informacion-servicios-complementarios-para-el-curso-22-23-1-1.pdf\">Informaci\u00f3n aula matinal, comedor y actividades extraescolares<\/a><\/p>\n\n\n\n<p><a href=\"https:\/\/mairenadelalcor.net\/colegios\/sanbartolome\/wp-content\/uploads\/2018\/07\/ANEXO-II.pdf\">Inscripci\u00f3n en el plan de apertura. Anexo II<\/a><\/p>\n\n\n\n<p><a href=\"https:\/\/mairenadelalcor.net\/colegios\/sanbartolome\/wp-content\/uploads\/2018\/07\/ANEXO-V.pdf\">Bonificaci\u00f3n Plan de Apertura. Anexo V<\/a><\/p>\n","protected":false},"excerpt":{"rendered":"<p>Informaci\u00f3n aula matinal, comedor y actividades extraescolares Inscripci\u00f3n en el plan de apertura. Anexo II Bonificaci\u00f3n Plan de Apertura. Anexo V<\/p>\n","protected":false},"author":3,"featured_media":0,"parent":0,"menu_order":0,"comment_status":"closed","ping_status":"closed","template":"","meta":{"footnotes":""},"class_list":["post-1141","page","type-page","status-publish","hentry"],"_links":{"self":[{"href":"https:\/\/mairenadelalcor.net\/colegios\/sanbartolome\/wp-json\/wp\/v2\/pages\/1141","targetHints":{"allow":["GET"]}}],"collection":[{"href":"https:\/\/mairenadelalcor.net\/colegios\/sanbartolome\/wp-json\/wp\/v2\/pages"}],"about":[{"href":"https:\/\/mairenadelalcor.net\/colegios\/sanbartolome\/wp-json\/wp\/v2\/types\/page"}],"author":[{"embeddable":true,"href":"https:\/\/mairenadelalcor.net\/colegios\/sanbartolome\/wp-json\/wp\/v2\/users\/3"}],"replies":[{"embeddable":true,"href":"https:\/\/mairenadelalcor.net\/colegios\/sanbartolome\/wp-json\/wp\/v2\/comments?post=1141"}],"version-history":[{"count":6,"href":"https:\/\/mairenadelalcor.net\/colegios\/sanbartolome\/wp-json\/wp\/v2\/pages\/1141\/revisions"}],"predecessor-version":[{"id":8613,"href":"https:\/\/mairenadelalcor.net\/colegios\/sanbartolome\/wp-json\/wp\/v2\/pages\/1141\/revisions\/8613"}],"wp:attachment":[{"href":"https:\/\/mairenadelalcor.net\/colegios\/sanbartolome\/wp-json\/wp\/v2\/media?parent=1141"}],"curies":[{"name":"wp","href":"https:\/\/api.w.org\/{rel}","templated":true}]}}