{"id":11036,"date":"2025-09-03T07:40:25","date_gmt":"2025-09-03T07:40:25","guid":{"rendered":"https:\/\/mairenadelalcor.net\/colegios\/sanbartolome\/?page_id=11036"},"modified":"2025-09-03T07:46:41","modified_gmt":"2025-09-03T07:46:41","slug":"primer-dia-de-clase","status":"publish","type":"page","link":"https:\/\/mairenadelalcor.net\/colegios\/sanbartolome\/primer-dia-de-clase\/","title":{"rendered":"Primer d\u00eda de clase"},"content":{"rendered":"\n<p><br><strong>HORARIO PARA EL MI\u00c9RCOLES 10 DE SEPTIEMBRE DE 2025<\/strong><\/p>\n\n\n\n<p><strong>ENTRADA EN EDUCACI\u00d3N PRIMARIA:&nbsp;<\/strong><\/p>\n\n\n\n<p><strong>&#8211; Alumnado de 5\u00ba y 6\u00ba entra a las 11\u201930 horas.<\/strong><\/p>\n\n\n\n<p><strong>&#8211; Alumnado de 3\u00ba y 4\u00ba entra a las 11\u201945 horas.<\/strong><\/p>\n\n\n\n<p><strong>&#8211; Alumnado de 1\u00ba y 2\u00ba entra a las 12\u201900 horas.<\/strong><\/p>\n\n\n\n<p><strong>SALIDA EN EDUCACI\u00d3N PRIMARIA:<\/strong><strong>&nbsp;<\/strong><\/p>\n\n\n\n<p><strong>-Todos los cursos saldr\u00e1n a las 14:00 horas<\/strong><strong>.<\/strong>&nbsp;<\/p>\n\n\n\n<p><strong>ENTRADA EN EDUCACI\u00d3N INFANTIL:&nbsp;<\/strong><\/p>\n\n\n\n<p><strong>-Alumnado de 4 y 5 a\u00f1os a las 12\u201915 horas.<\/strong><\/p>\n\n\n\n<p><strong>-Alumnado de 3 a\u00f1os, a las 12\u201930 horas.<\/strong><\/p>\n\n\n\n<p><strong>SALIDA EN EDUCACI\u00d3N INFANTIL:&nbsp;<\/strong><\/p>\n\n\n\n<ul class=\"wp-block-list\">\n<li><strong>Alumnado de 3, 4 y 5 a\u00f1os podr\u00e1n recogerlos a partir de las 13\u00b455 horas en la puerta de sus respectivas aulas.<\/strong><\/li>\n\n\n\n<li><strong>Infantil entrar\u00e1 y saldr\u00e1 por su puerta de la plaza.<\/strong><\/li>\n<\/ul>\n\n\n\n<ul class=\"wp-block-list\">\n<li><strong>Primaria, por la calle Seguiriyas.<\/strong><\/li>\n<\/ul>\n\n\n\n<p>A PARTIR DEL JUEVES 11 DE SEPTIEMBRE, EL HORARIO DE INFANTIL Y PRIMARIA SER\u00c1 DE 9:00 A 14:00 HORAS.<\/p>\n\n\n\n<p><strong>OTRAS INFORMACIONES DE INTER\u00c9S<\/strong><\/p>\n\n\n\n<p><strong>REUNI\u00d3N INFORMATIVA DE LOS CURSOS DE 3, 4 y 5 A\u00d1OS:<\/strong><\/p>\n\n\n\n<ul class=\"wp-block-list\">\n<li><strong>Reuni\u00f3n clase de 3 a\u00f1os:<\/strong><strong> Viernes 5 de septiembre a las 10:00h en la clase de infantil de 3 a\u00f1os del colegio.<\/strong><\/li>\n<\/ul>\n\n\n\n<ul class=\"wp-block-list\">\n<li><strong>Reuni\u00f3n clase de 4 a\u00f1os:<\/strong><strong> Viernes 5 de septiembre a las 11:00h en la clase de infantil de 4 a\u00f1os del colegio.<\/strong><\/li>\n<\/ul>\n\n\n\n<ul class=\"wp-block-list\">\n<li><strong>Reuni\u00f3n clase de 5 a\u00f1os:<\/strong><strong> Viernes 5 de septiembre a las 12:00h en la clase de infantil de 5 a\u00f1os del colegio.<\/strong><\/li>\n<\/ul>\n\n\n\n<p><strong>Para el resto de cursos, las reuniones se realizar\u00e1n en el mes de octubre, notific\u00e1ndose a trav\u00e9s de iPasen con su correspondiente orden del d\u00eda.<\/strong><\/p>\n\n\n\n<p><strong>INFORMACI\u00d3N SOBRE LA ORGANIZACI\u00d3N Y EL&nbsp; FUNCIONAMIENTO DEL CENTRO:<\/strong><strong> Se enviar\u00e1 por iPasen (en formato firma) a todos los tutores legales y se subir\u00e1 a la web en su apartado correspondiente.<\/strong><\/p>\n\n\n\n<p><strong>RECOGIDA DE LIBROS Y MATERIALES:<\/strong><\/p>\n\n\n\n<ul class=\"wp-block-list\">\n<li><strong>Educaci\u00f3n infantil de 3 a\u00f1os: Viernes 5 a las 9:45h<\/strong><\/li>\n\n\n\n<li><strong>Educaci\u00f3n infantil de 4 a\u00f1os: Viernes 5 a las 10:45h<\/strong><\/li>\n\n\n\n<li><strong>Educaci\u00f3n infantil de 5 a\u00f1os: Viernes 5 a las 11:45h<\/strong><\/li>\n\n\n\n<li><strong>1\u00ba y 2\u00ba: Viernes 5 de septiembre de 12 a 13h. Tienen que traer los libros de los cheques-libro sin abrir y sin nombre. El resto del material solicitado deber\u00e1 venir en una bolsa con el nombre del ni\u00f1o\/a.<\/strong><\/li>\n\n\n\n<li><strong>3\u00ba, 4\u00ba, 5\u00ba y 6\u00ba traer\u00e1n los materiales de manera progresiva a lo largo de la primera semana de curso seg\u00fan las indicaciones de sus tutores\/as.<\/strong><\/li>\n<\/ul>\n\n\n\n<p><strong>COMIENZO DEL AULA MATINAL:<\/strong><\/p>\n\n\n\n<ul class=\"wp-block-list\">\n<li><strong>Inicio el d\u00eda 10 de septiembre desde las 7:30h<\/strong><\/li>\n<\/ul>\n\n\n\n<p><strong>COMIENZO DEL COMEDOR ESCOLAR:<\/strong><\/p>\n\n\n\n<p><strong>Inicio el d\u00eda 10 de septiembre.<\/strong><\/p>\n","protected":false},"excerpt":{"rendered":"<p>HORARIO PARA EL MI\u00c9RCOLES 10 DE SEPTIEMBRE DE 2025 ENTRADA EN EDUCACI\u00d3N PRIMARIA:&nbsp; &#8211; Alumnado de 5\u00ba y 6\u00ba entra a las 11\u201930 horas. &#8211; Alumnado de 3\u00ba y 4\u00ba &hellip; <\/p>\n<p class=\"link-more\"><a href=\"https:\/\/mairenadelalcor.net\/colegios\/sanbartolome\/primer-dia-de-clase\/\" class=\"more-link\">Continuar leyendo<span class=\"screen-reader-text\"> \u00abPrimer d\u00eda de clase\u00bb<\/span><\/a><\/p>\n","protected":false},"author":3,"featured_media":0,"parent":0,"menu_order":0,"comment_status":"closed","ping_status":"closed","template":"","meta":{"footnotes":""},"class_list":["post-11036","page","type-page","status-publish","hentry"],"_links":{"self":[{"href":"https:\/\/mairenadelalcor.net\/colegios\/sanbartolome\/wp-json\/wp\/v2\/pages\/11036","targetHints":{"allow":["GET"]}}],"collection":[{"href":"https:\/\/mairenadelalcor.net\/colegios\/sanbartolome\/wp-json\/wp\/v2\/pages"}],"about":[{"href":"https:\/\/mairenadelalcor.net\/colegios\/sanbartolome\/wp-json\/wp\/v2\/types\/page"}],"author":[{"embeddable":true,"href":"https:\/\/mairenadelalcor.net\/colegios\/sanbartolome\/wp-json\/wp\/v2\/users\/3"}],"replies":[{"embeddable":true,"href":"https:\/\/mairenadelalcor.net\/colegios\/sanbartolome\/wp-json\/wp\/v2\/comments?post=11036"}],"version-history":[{"count":2,"href":"https:\/\/mairenadelalcor.net\/colegios\/sanbartolome\/wp-json\/wp\/v2\/pages\/11036\/revisions"}],"predecessor-version":[{"id":11040,"href":"https:\/\/mairenadelalcor.net\/colegios\/sanbartolome\/wp-json\/wp\/v2\/pages\/11036\/revisions\/11040"}],"wp:attachment":[{"href":"https:\/\/mairenadelalcor.net\/colegios\/sanbartolome\/wp-json\/wp\/v2\/media?parent=11036"}],"curies":[{"name":"wp","href":"https:\/\/api.w.org\/{rel}","templated":true}]}}